{"id":1866,"date":"2020-08-24T08:45:54","date_gmt":"2020-08-24T08:45:54","guid":{"rendered":"https:\/\/lucigutierrez.com\/about-me\/"},"modified":"2022-03-16T10:34:39","modified_gmt":"2022-03-16T10:34:39","slug":"sobre-mi","status":"publish","type":"page","link":"https:\/\/lucigutierrez.com\/es\/sobre-mi\/","title":{"rendered":"Sobre m\u00ed"},"content":{"rendered":"<style>#kt-layout-id_4819c2-dc > .kt-row-column-wrap{align-content:start;}:where(#kt-layout-id_4819c2-dc > .kt-row-column-wrap) > .wp-block-kadence-column{justify-content:start;}#kt-layout-id_4819c2-dc > .kt-row-column-wrap{column-gap:var(--global-kb-gap-md, 2rem);row-gap:var(--global-kb-gap-md, 2rem);padding-top:var( --global-kb-row-default-top, 25px );padding-bottom:var( --global-kb-row-default-bottom, 25px );padding-top:var(--global-kb-spacing-sm, 1.5rem);padding-bottom:var(--global-kb-spacing-sm, 1.5rem);grid-template-columns:minmax(0, calc(30% - ((var(--global-kb-gap-md, 2rem) * 1 )\/2)))minmax(0, calc(70% - ((var(--global-kb-gap-md, 2rem) * 1 )\/2)));}#kt-layout-id_4819c2-dc > .kt-row-layout-overlay{opacity:0.30;}@media all and (max-width: 1024px){#kt-layout-id_4819c2-dc > .kt-row-column-wrap{grid-template-columns:minmax(0, 1fr) minmax(0, 2fr);}}@media all and (max-width: 767px){#kt-layout-id_4819c2-dc > .kt-row-column-wrap{grid-template-columns:minmax(0, 1fr);}}<\/style>\n<div class=\"wp-block-kadence-rowlayout alignnone\"><div id=\"kt-layout-id_4819c2-dc\" class=\"kt-row-layout-inner kt-layout-id_4819c2-dc\"><div class=\"kt-row-column-wrap kt-has-2-columns kt-gutter-default kt-v-gutter-default kt-row-valign-top kt-row-layout-right-golden kt-tab-layout-inherit kt-m-colapse-left-to-right kt-mobile-layout-row  kt-custom-first-width-30  kt-custom-second-width-70\"><style>.kadence-column_7dd002-fd > .kt-inside-inner-col{border-top-width:0px;border-right-width:0px;border-bottom-width:0px;border-left-width:0px;}.kadence-column_7dd002-fd > .kt-inside-inner-col,.kadence-column_7dd002-fd > .kt-inside-inner-col:before{border-top-left-radius:0px;border-top-right-radius:0px;border-bottom-right-radius:0px;border-bottom-left-radius:0px;}.kadence-column_7dd002-fd > .kt-inside-inner-col{column-gap:var(--global-kb-gap-sm, 1rem);}.kadence-column_7dd002-fd > .kt-inside-inner-col{flex-direction:column;}.kadence-column_7dd002-fd > .kt-inside-inner-col > .aligncenter{width:100%;}.kadence-column_7dd002-fd > .kt-inside-inner-col:before{opacity:0.3;}.kadence-column_7dd002-fd{position:relative;}@media all and (max-width: 1024px){.kadence-column_7dd002-fd > .kt-inside-inner-col{flex-direction:column;justify-content:center;}}@media all and (max-width: 767px){.kadence-column_7dd002-fd > .kt-inside-inner-col{flex-direction:column;justify-content:center;}}<\/style>\n<div class=\"wp-block-kadence-column inner-column-1 kadence-column_7dd002-fd\"><div class=\"kt-inside-inner-col\">\n<figure class=\"wp-block-image size-full\"><img loading=\"lazy\" decoding=\"async\" width=\"324\" height=\"483\" src=\"https:\/\/lucigutierrez.com\/wp-content\/uploads\/2020\/11\/luci_gutierrez_illustrator.png\" alt=\"\" class=\"wp-image-1160\" srcset=\"https:\/\/lucigutierrez.com\/wp-content\/uploads\/2020\/11\/luci_gutierrez_illustrator.png 324w, https:\/\/lucigutierrez.com\/wp-content\/uploads\/2020\/11\/luci_gutierrez_illustrator-201x300.png 201w, https:\/\/lucigutierrez.com\/wp-content\/uploads\/2020\/11\/luci_gutierrez_illustrator-300x447.png 300w\" sizes=\"(max-width: 324px) 100vw, 324px\" \/><\/figure>\n<\/div><\/div>\n\n\n<style>.kadence-column_8eeac0-ec > .kt-inside-inner-col{border-top-width:0px;border-right-width:0px;border-bottom-width:0px;border-left-width:0px;}.kadence-column_8eeac0-ec > .kt-inside-inner-col,.kadence-column_8eeac0-ec > .kt-inside-inner-col:before{border-top-left-radius:0px;border-top-right-radius:0px;border-bottom-right-radius:0px;border-bottom-left-radius:0px;}.kadence-column_8eeac0-ec > .kt-inside-inner-col{column-gap:var(--global-kb-gap-sm, 1rem);}.kadence-column_8eeac0-ec > .kt-inside-inner-col{flex-direction:column;}.kadence-column_8eeac0-ec > .kt-inside-inner-col > .aligncenter{width:100%;}.kadence-column_8eeac0-ec > .kt-inside-inner-col:before{opacity:0.3;}.kadence-column_8eeac0-ec{position:relative;}@media all and (max-width: 1024px){.kadence-column_8eeac0-ec > .kt-inside-inner-col{flex-direction:column;justify-content:center;}}@media all and (max-width: 767px){.kadence-column_8eeac0-ec > .kt-inside-inner-col{flex-direction:column;justify-content:center;}}<\/style>\n<div class=\"wp-block-kadence-column inner-column-2 kadence-column_8eeac0-ec\"><div class=\"kt-inside-inner-col\">\n<h1 class=\"title_page wp-block-heading\" id=\"luci-gutierrez\">Luci Guti\u00e9rrez<\/h1>\n\n\n\n<p>(Barcelona, 1977)<\/p>\n\n\n\n<p>Desde que acab\u00f3 sus estudios de ilustraci\u00f3n en la Escuela Massana de Barcelona en 2001, ha trabajado en campos tan diversos como la publicidad, la prensa y los libros.<br><br>En el a\u00f1o 2007 residi\u00f3 una temporada en Nueva York. No lleg\u00f3 a dominar el ingl\u00e9s, pero dibuj\u00f3 y escribi\u00f3 lo suficiente como para hacer <em>English Is Not Easy<\/em>, un libro para aprenderlo del cual se han hecho numerosas ediciones por todo el mundo.<br><br>En 2019 public\u00f3 <em>Manual de autodefensa<\/em>, su segundo libro de autor\u00eda total, que deja bien claro que la vida, como el ingl\u00e9s, no es cosa f\u00e1cil.<br><br>Y de su estancia americana tambi\u00e9n quedaron las colaboraciones regulares en el The New York Times, el Wall Street Journal o The New Yorker, donde ilustra semanalmente la secci\u00f3n <em>Shouts &amp; Murmurs<\/em>.<br><br>M\u00e1s recientemente su trabajo ha sido reconocido con el premio de la Society of Illustrators de Nueva York y el premio Gr\u00e0ffica, otorgado por profesionales del dise\u00f1o y de la comunicaci\u00f3n visual del estado espa\u00f1ol.<\/p>\n<\/div><\/div>\n<\/div><\/div><\/div>\n","protected":false},"excerpt":{"rendered":"<p>Luci Guti\u00e9rrez (Barcelona, 1977) Desde que acab\u00f3 sus estudios de ilustraci\u00f3n en la Escuela Massana de Barcelona en 2001, ha trabajado en campos tan diversos como la publicidad, la prensa y los libros. En el a\u00f1o 2007 residi\u00f3 una temporada en Nueva York. No lleg\u00f3 a dominar el ingl\u00e9s, pero dibuj\u00f3 y escribi\u00f3 lo suficiente &hellip;<\/p>\n","protected":false},"author":1,"featured_media":0,"parent":0,"menu_order":0,"comment_status":"closed","ping_status":"closed","template":"","meta":{"inline_featured_image":false,"footnotes":""},"class_list":["post-1866","page","type-page","status-publish","hentry","post","without-featured-image"],"featured_image_src":null,"featured_image_src_square":null,"_links":{"self":[{"href":"https:\/\/lucigutierrez.com\/es\/wp-json\/wp\/v2\/pages\/1866"}],"collection":[{"href":"https:\/\/lucigutierrez.com\/es\/wp-json\/wp\/v2\/pages"}],"about":[{"href":"https:\/\/lucigutierrez.com\/es\/wp-json\/wp\/v2\/types\/page"}],"author":[{"embeddable":true,"href":"https:\/\/lucigutierrez.com\/es\/wp-json\/wp\/v2\/users\/1"}],"replies":[{"embeddable":true,"href":"https:\/\/lucigutierrez.com\/es\/wp-json\/wp\/v2\/comments?post=1866"}],"version-history":[{"count":1,"href":"https:\/\/lucigutierrez.com\/es\/wp-json\/wp\/v2\/pages\/1866\/revisions"}],"predecessor-version":[{"id":1867,"href":"https:\/\/lucigutierrez.com\/es\/wp-json\/wp\/v2\/pages\/1866\/revisions\/1867"}],"wp:attachment":[{"href":"https:\/\/lucigutierrez.com\/es\/wp-json\/wp\/v2\/media?parent=1866"}],"curies":[{"name":"wp","href":"https:\/\/api.w.org\/{rel}","templated":true}]}}